{"id":4592,"date":"2019-06-13T07:18:04","date_gmt":"2019-06-13T07:18:04","guid":{"rendered":"https:\/\/demo-22.woovinapro.com\/?page_id=4592"},"modified":"2019-06-13T07:18:04","modified_gmt":"2019-06-13T07:18:04","slug":"hot-sale","status":"publish","type":"page","link":"https:\/\/www.le-noble.be\/fr\/hot-sale\/","title":{"rendered":"Hot sale"},"content":{"rendered":"<div class=\"woocommerce columns-4\">\n<ul class=\"products woovina-row clr grid desktop-4-col tablet-col tablet-3-col mobile-col mobile-2-col\"><li class=\"entry has-media has-rating col span_1_of_4 wvn-content-center wvn-thumbs-layout-horizontal wvn-btn-normal wvn-tabs-layout-horizontal product type-product post-1175 status-publish first instock product_cat-flat-white product_tag-tag-03 has-post-thumbnail featured shipping-taxable purchasable product-type-simple\">\n\t<div class=\"product-inner clr\"><ul class=\"woo-entry-inner clr archive-page\"><li class=\"image-wrap\">\n\t<div class=\"woo-entry-image clr\">\n\t\t\t\t<a href=\"https:\/\/www.le-noble.be\/fr\/produit\/curabitur-a-purus\/\" class=\"woocommerce-LoopProduct-link\">\n\t\t\t<img fetchpriority=\"high\" decoding=\"async\" width=\"600\" height=\"600\" src=\"https:\/\/www.le-noble.be\/wp-content\/uploads\/2018\/09\/product-02.jpg\" class=\"woo-entry-image-main\" alt=\"Curabitur a purus\" itemprop=\"image\" srcset=\"https:\/\/www.le-noble.be\/wp-content\/uploads\/2018\/09\/product-02.jpg 600w, https:\/\/www.le-noble.be\/wp-content\/uploads\/2018\/09\/product-02-300x300.jpg 300w, https:\/\/www.le-noble.be\/wp-content\/uploads\/2018\/09\/product-02-100x100.jpg 100w, https:\/\/www.le-noble.be\/wp-content\/uploads\/2018\/09\/product-02-150x150.jpg 150w\" sizes=\"(max-width: 600px) 100vw, 600px\" \/>\t    <\/a>\n\t\t<a href=\"#\" id=\"product_id_1175\" class=\"wvn-quick-view\" data-product_id=\"1175\"><i class=\"icon-eye\"><\/i>Quick View<\/a>\t<\/div><!-- .woo-entry-image -->\n\n<\/li><li class=\"title\"><a href=\"https:\/\/www.le-noble.be\/fr\/produit\/curabitur-a-purus\/\">Curabitur a purus<\/a><\/li><li class=\"inner\">\n\t<span class=\"price\"><span class=\"woocommerce-Price-amount amount\"><bdi><span class=\"woocommerce-Price-currencySymbol\">&#36;<\/span>95.00<\/bdi><\/span><\/span>\n<div class=\"star-rating\" role=\"img\" aria-label=\"Rated 0 out of 5\"><span style=\"width:0%\" data-no-translation=\"\" data-trp-gettext=\"\">Note <strong class=\"rating\">0<\/strong> sur 5<\/span><\/div><\/li><li class=\"btn-wrap clr\"><a href=\"\/fr\/wp-json\/wp\/v2\/pages\/4592?add-to-cart=1175\" aria-describedby=\"woocommerce_loop_add_to_cart_link_describedby_1175\" data-quantity=\"1\" class=\"button product_type_simple add_to_cart_button ajax_add_to_cart\" data-product_id=\"1175\" data-product_sku=\"WVN-17\" aria-label=\"Ajouter au panier : &quot;Curabitur a purus&quot;\" rel=\"nofollow\" data-success_message=\"&quot;Curabitur a purus&quot; a \u00e9t\u00e9 ajout\u00e9 \u00e0 votre panier\" role=\"button\" data-no-translation=\"\" data-trp-gettext=\"\" data-no-translation-aria-label=\"\" data-no-translation-data-success_message=\"\">Ajouter au panier<\/a>\t<span id=\"woocommerce_loop_add_to_cart_link_describedby_1175\" class=\"screen-reader-text\">\n\t\t\t<\/span>\n<\/li><\/ul><\/div><!-- .product-inner .clr --><\/li>\n<li class=\"entry has-media has-rating col span_1_of_4 wvn-content-center wvn-thumbs-layout-horizontal wvn-btn-normal wvn-tabs-layout-horizontal product type-product post-1178 status-publish instock product_cat-flat-white product_cat-short-macchiato product_tag-tag-02 product_tag-tag-05 has-post-thumbnail featured shipping-taxable purchasable product-type-variable\">\n\t<div class=\"product-inner clr\"><ul class=\"woo-entry-inner clr archive-page\"><li class=\"image-wrap\">\t\t\t\t\t\t\n\t\t\t<div class=\"shopswatchinput\" swatch-count=\"3\" start-slider-count=\"4\" prod-img=\"https:\/\/www.le-noble.be\/wp-content\/uploads\/2018\/09\/product-15.jpg\">\n\t\t\t\t\t\t<\/div>\n\t\t\t\n\t\t\t\t\t\t\n\t\t\t\n\t<div class=\"woo-entry-image clr\">\n\t\t\t\t<a href=\"https:\/\/www.le-noble.be\/fr\/produit\/condimentum-posuere\/\" class=\"woocommerce-LoopProduct-link\">\n\t\t\t<img decoding=\"async\" width=\"600\" height=\"600\" src=\"https:\/\/www.le-noble.be\/wp-content\/uploads\/2018\/09\/product-15.jpg\" class=\"woo-entry-image-main\" alt=\"Condimentum posuere\" itemprop=\"image\" srcset=\"https:\/\/www.le-noble.be\/wp-content\/uploads\/2018\/09\/product-15.jpg 600w, https:\/\/www.le-noble.be\/wp-content\/uploads\/2018\/09\/product-15-300x300.jpg 300w, https:\/\/www.le-noble.be\/wp-content\/uploads\/2018\/09\/product-15-100x100.jpg 100w, https:\/\/www.le-noble.be\/wp-content\/uploads\/2018\/09\/product-15-150x150.jpg 150w\" sizes=\"(max-width: 600px) 100vw, 600px\" \/>\t    <\/a>\n\t\t<a href=\"#\" id=\"product_id_1178\" class=\"wvn-quick-view\" data-product_id=\"1178\"><i class=\"icon-eye\"><\/i>Quick View<\/a>\t<\/div><!-- .woo-entry-image -->\n\n<\/li><li class=\"title\"><a href=\"https:\/\/www.le-noble.be\/fr\/produit\/condimentum-posuere\/\">Condimentum posuere<\/a><\/li><li class=\"inner\">\n\t<span class=\"price\"><span class=\"woocommerce-Price-amount amount\" aria-hidden=\"true\"><bdi><span class=\"woocommerce-Price-currencySymbol\">&#36;<\/span>45.00<\/bdi><\/span> <span aria-hidden=\"true\">-<\/span> <span class=\"woocommerce-Price-amount amount\" aria-hidden=\"true\"><bdi><span class=\"woocommerce-Price-currencySymbol\">&#36;<\/span>49.00<\/bdi><\/span><span class=\"screen-reader-text\" data-no-translation=\"\" data-trp-gettext=\"\">Gamme de prix : &#36;45.00 \u00e0 &#36;49.00<\/span><\/span>\n<div class=\"star-rating\" role=\"img\" aria-label=\"Rated 0 out of 5\"><span style=\"width:0%\" data-no-translation=\"\" data-trp-gettext=\"\">Note <strong class=\"rating\">0<\/strong> sur 5<\/span><\/div><\/li><li class=\"btn-wrap clr\"><a href=\"https:\/\/www.le-noble.be\/fr\/produit\/condimentum-posuere\/\" aria-describedby=\"woocommerce_loop_add_to_cart_link_describedby_1178\" data-quantity=\"1\" class=\"button product_type_variable add_to_cart_button\" data-product_id=\"1178\" data-product_sku=\"WVN-14\" aria-label=\"S\u00e9lectionner les options pour \u201cCondimentum posuere\u201d\" rel=\"nofollow\" data-no-translation=\"\" data-trp-gettext=\"\" data-no-translation-aria-label=\"\">Choix des options<\/a>\t<span id=\"woocommerce_loop_add_to_cart_link_describedby_1178\" class=\"screen-reader-text\">\n\t\tCe produit a plusieurs variantes. Les options peuvent \u00eatre choisies sur la page du produit\t<\/span>\n<\/li><\/ul><\/div><!-- .product-inner .clr --><\/li>\n<li class=\"entry has-media has-rating col span_1_of_4 wvn-content-center wvn-thumbs-layout-horizontal wvn-btn-normal wvn-tabs-layout-horizontal product type-product post-1176 status-publish outofstock product_cat-short-macchiato product_tag-tag-03 has-post-thumbnail featured sold-individually shipping-taxable purchasable product-type-simple\">\n\t<div class=\"product-inner clr\"><ul class=\"woo-entry-inner clr archive-page\"><li class=\"image-wrap\">\t\t\t\t<div class=\"outofstock-badge\">\n\t\t\t\t\tOut of Stock\t\t\t\t<\/div><!-- .product-entry-out-of-stock-badge -->\n\t\t\t\n\t<div class=\"woo-entry-image clr\">\n\t\t\t\t<a href=\"https:\/\/www.le-noble.be\/fr\/produit\/convallis-quam-sit\/\" class=\"woocommerce-LoopProduct-link\">\n\t\t\t<img decoding=\"async\" width=\"600\" height=\"600\" src=\"https:\/\/www.le-noble.be\/wp-content\/uploads\/2018\/09\/product-10.jpg\" class=\"woo-entry-image-main\" alt=\"Convallis quam sit\" itemprop=\"image\" srcset=\"https:\/\/www.le-noble.be\/wp-content\/uploads\/2018\/09\/product-10.jpg 600w, https:\/\/www.le-noble.be\/wp-content\/uploads\/2018\/09\/product-10-300x300.jpg 300w, https:\/\/www.le-noble.be\/wp-content\/uploads\/2018\/09\/product-10-100x100.jpg 100w, https:\/\/www.le-noble.be\/wp-content\/uploads\/2018\/09\/product-10-150x150.jpg 150w\" sizes=\"(max-width: 600px) 100vw, 600px\" \/>\t    <\/a>\n\t\t<a href=\"#\" id=\"product_id_1176\" class=\"wvn-quick-view\" data-product_id=\"1176\"><i class=\"icon-eye\"><\/i>Quick View<\/a>\t<\/div><!-- .woo-entry-image -->\n\n<\/li><li class=\"title\"><a href=\"https:\/\/www.le-noble.be\/fr\/produit\/convallis-quam-sit\/\">Convallis quam sit<\/a><\/li><li class=\"inner\">\n\t<span class=\"price\"><span class=\"woocommerce-Price-amount amount\"><bdi><span class=\"woocommerce-Price-currencySymbol\">&#36;<\/span>13.00<\/bdi><\/span><\/span>\n<div class=\"star-rating\" role=\"img\" aria-label=\"Rated 0 out of 5\"><span style=\"width:0%\" data-no-translation=\"\" data-trp-gettext=\"\">Note <strong class=\"rating\">0<\/strong> sur 5<\/span><\/div><\/li><li class=\"btn-wrap clr\"><a href=\"https:\/\/www.le-noble.be\/fr\/produit\/convallis-quam-sit\/\" aria-describedby=\"woocommerce_loop_add_to_cart_link_describedby_1176\" data-quantity=\"1\" class=\"button product_type_simple\" data-product_id=\"1176\" data-product_sku=\"WVN-16\" aria-label=\"En savoir plus sur \u201cConvallis quam sit\u201d\" rel=\"nofollow\" data-success_message=\"\" data-no-translation=\"\" data-trp-gettext=\"\" data-no-translation-aria-label=\"\">Lire la suite<\/a>\t<span id=\"woocommerce_loop_add_to_cart_link_describedby_1176\" class=\"screen-reader-text\">\n\t\t\t<\/span>\n<\/li><\/ul><\/div><!-- .product-inner .clr --><\/li>\n<li class=\"entry has-media has-rating col span_1_of_4 wvn-content-center wvn-thumbs-layout-horizontal wvn-btn-normal wvn-tabs-layout-horizontal product type-product post-1172 status-publish last instock product_cat-cappuccino product_tag-tag-03 product_tag-tag-04 has-post-thumbnail featured shipping-taxable purchasable product-type-variable\">\n\t<div class=\"product-inner clr\"><ul class=\"woo-entry-inner clr archive-page\"><li class=\"image-wrap\">\t\t\t\t\t\t\n\t\t\t<div class=\"shopswatchinput\" swatch-count=\"3\" start-slider-count=\"4\" prod-img=\"https:\/\/www.le-noble.be\/wp-content\/uploads\/2018\/09\/product-11.jpg\">\n\t\t\t\t\t\t<\/div>\n\t\t\t\n\t\t\t\t\t\t\n\t\t\t\n\t<div class=\"woo-entry-image clr\">\n\t\t\t\t<a href=\"https:\/\/www.le-noble.be\/fr\/produit\/dignissim-venenatis\/\" class=\"woocommerce-LoopProduct-link\">\n\t\t\t<img loading=\"lazy\" decoding=\"async\" width=\"600\" height=\"600\" src=\"https:\/\/www.le-noble.be\/wp-content\/uploads\/2018\/09\/product-11.jpg\" class=\"woo-entry-image-main\" alt=\"Dignissim venenatis\" itemprop=\"image\" srcset=\"https:\/\/www.le-noble.be\/wp-content\/uploads\/2018\/09\/product-11.jpg 600w, https:\/\/www.le-noble.be\/wp-content\/uploads\/2018\/09\/product-11-300x300.jpg 300w, https:\/\/www.le-noble.be\/wp-content\/uploads\/2018\/09\/product-11-100x100.jpg 100w, https:\/\/www.le-noble.be\/wp-content\/uploads\/2018\/09\/product-11-150x150.jpg 150w\" sizes=\"(max-width: 600px) 100vw, 600px\" \/>\t    <\/a>\n\t\t<a href=\"#\" id=\"product_id_1172\" class=\"wvn-quick-view\" data-product_id=\"1172\"><i class=\"icon-eye\"><\/i>Quick View<\/a>\t<\/div><!-- .woo-entry-image -->\n\n<\/li><li class=\"title\"><a href=\"https:\/\/www.le-noble.be\/fr\/produit\/dignissim-venenatis\/\">Dignissim venenatis<\/a><\/li><li class=\"inner\">\n\t<span class=\"price\"><span class=\"woocommerce-Price-amount amount\" aria-hidden=\"true\"><bdi><span class=\"woocommerce-Price-currencySymbol\">&#36;<\/span>28.00<\/bdi><\/span> <span aria-hidden=\"true\">-<\/span> <span class=\"woocommerce-Price-amount amount\" aria-hidden=\"true\"><bdi><span class=\"woocommerce-Price-currencySymbol\">&#36;<\/span>32.00<\/bdi><\/span><span class=\"screen-reader-text\" data-no-translation=\"\" data-trp-gettext=\"\">Gamme de prix : &#36;28.00 \u00e0 &#36;32.00<\/span><\/span>\n<div class=\"star-rating\" role=\"img\" aria-label=\"Rated 0 out of 5\"><span style=\"width:0%\" data-no-translation=\"\" data-trp-gettext=\"\">Note <strong class=\"rating\">0<\/strong> sur 5<\/span><\/div><\/li><li class=\"btn-wrap clr\"><a href=\"https:\/\/www.le-noble.be\/fr\/produit\/dignissim-venenatis\/\" aria-describedby=\"woocommerce_loop_add_to_cart_link_describedby_1172\" data-quantity=\"1\" class=\"button product_type_variable add_to_cart_button\" data-product_id=\"1172\" data-product_sku=\"WVN-20\" aria-label=\"S\u00e9lectionner les options pour \u201cDignissim venenatis\u201d\" rel=\"nofollow\" data-no-translation=\"\" data-trp-gettext=\"\" data-no-translation-aria-label=\"\">Choix des options<\/a>\t<span id=\"woocommerce_loop_add_to_cart_link_describedby_1172\" class=\"screen-reader-text\">\n\t\tCe produit a plusieurs variantes. Les options peuvent \u00eatre choisies sur la page du produit\t<\/span>\n<\/li><\/ul><\/div><!-- .product-inner .clr --><\/li>\n<li class=\"entry has-media has-rating col span_1_of_4 wvn-content-center wvn-thumbs-layout-horizontal wvn-btn-normal wvn-tabs-layout-horizontal product type-product post-1182 status-publish first instock product_cat-flat-white product_tag-tag-01 product_tag-tag-04 has-post-thumbnail shipping-taxable product-type-external\">\n\t<div class=\"product-inner clr\"><ul class=\"woo-entry-inner clr archive-page\"><li class=\"image-wrap\">\n\t<div class=\"woo-entry-image clr\">\n\t\t\t\t<a href=\"https:\/\/www.le-noble.be\/fr\/produit\/auctor-sem\/\" class=\"woocommerce-LoopProduct-link\">\n\t\t\t<img loading=\"lazy\" decoding=\"async\" width=\"600\" height=\"600\" src=\"https:\/\/www.le-noble.be\/wp-content\/uploads\/2018\/09\/product-5.jpg\" class=\"woo-entry-image-main\" alt=\"Auctor sem\" itemprop=\"image\" srcset=\"https:\/\/www.le-noble.be\/wp-content\/uploads\/2018\/09\/product-5.jpg 600w, https:\/\/www.le-noble.be\/wp-content\/uploads\/2018\/09\/product-5-300x300.jpg 300w, https:\/\/www.le-noble.be\/wp-content\/uploads\/2018\/09\/product-5-100x100.jpg 100w, https:\/\/www.le-noble.be\/wp-content\/uploads\/2018\/09\/product-5-150x150.jpg 150w\" sizes=\"(max-width: 600px) 100vw, 600px\" \/>\t    <\/a>\n\t\t<a href=\"#\" id=\"product_id_1182\" class=\"wvn-quick-view\" data-product_id=\"1182\"><i class=\"icon-eye\"><\/i>Quick View<\/a>\t<\/div><!-- .woo-entry-image -->\n\n<\/li><li class=\"title\"><a href=\"https:\/\/www.le-noble.be\/fr\/produit\/auctor-sem\/\">Auctor sem<\/a><\/li><li class=\"inner\">\n\t<span class=\"price\"><span class=\"woocommerce-Price-amount amount\"><bdi><span class=\"woocommerce-Price-currencySymbol\">&#36;<\/span>61.00<\/bdi><\/span><\/span>\n<div class=\"star-rating\" role=\"img\" aria-label=\"Rated 0 out of 5\"><span style=\"width:0%\" data-no-translation=\"\" data-trp-gettext=\"\">Note <strong class=\"rating\">0<\/strong> sur 5<\/span><\/div><\/li><li class=\"btn-wrap clr\"><a href=\"https:\/\/www.woovina.com\/\" aria-describedby=\"woocommerce_loop_add_to_cart_link_describedby_1182\" data-quantity=\"1\" class=\"button product_type_external\" data-product_id=\"1182\" data-product_sku=\"WVN-09\" aria-label=\"Acheter Woovina\" rel=\"nofollow\">Acheter Woovina<\/a>\t<span id=\"woocommerce_loop_add_to_cart_link_describedby_1182\" class=\"screen-reader-text\">\n\t\t\t<\/span>\n<\/li><\/ul><\/div><!-- .product-inner .clr --><\/li>\n<li class=\"entry has-media has-rating col span_1_of_4 wvn-content-center wvn-thumbs-layout-horizontal wvn-btn-normal wvn-tabs-layout-horizontal product type-product post-1206 status-publish instock product_cat-cafe-latte product_cat-cappuccino product_cat-short-macchiato product_tag-tag-01 has-post-thumbnail shipping-taxable product-type-grouped\">\n\t<div class=\"product-inner clr\"><ul class=\"woo-entry-inner clr archive-page\"><li class=\"image-wrap\">\n\t<div class=\"woo-entry-image clr\">\n\t\t\t\t<a href=\"https:\/\/www.le-noble.be\/fr\/produit\/auctor-gravida-enim\/\" class=\"woocommerce-LoopProduct-link\">\n\t\t\t<img loading=\"lazy\" decoding=\"async\" width=\"600\" height=\"600\" src=\"https:\/\/www.le-noble.be\/wp-content\/uploads\/2018\/09\/product-04.jpg\" class=\"woo-entry-image-main\" alt=\"Auctor gravida enim\" itemprop=\"image\" srcset=\"https:\/\/www.le-noble.be\/wp-content\/uploads\/2018\/09\/product-04.jpg 600w, https:\/\/www.le-noble.be\/wp-content\/uploads\/2018\/09\/product-04-300x300.jpg 300w, https:\/\/www.le-noble.be\/wp-content\/uploads\/2018\/09\/product-04-100x100.jpg 100w, https:\/\/www.le-noble.be\/wp-content\/uploads\/2018\/09\/product-04-150x150.jpg 150w\" sizes=\"(max-width: 600px) 100vw, 600px\" \/>\t    <\/a>\n\t\t<a href=\"#\" id=\"product_id_1206\" class=\"wvn-quick-view\" data-product_id=\"1206\"><i class=\"icon-eye\"><\/i>Quick View<\/a>\t<\/div><!-- .woo-entry-image -->\n\n<\/li><li class=\"title\"><a href=\"https:\/\/www.le-noble.be\/fr\/produit\/auctor-gravida-enim\/\">Auctor gravida enim<\/a><\/li><li class=\"inner\">\n\t<span class=\"price\"><span class=\"woocommerce-Price-amount amount\" aria-hidden=\"true\"><bdi><span class=\"woocommerce-Price-currencySymbol\">&#36;<\/span>62.00<\/bdi><\/span> <span aria-hidden=\"true\">-<\/span> <span class=\"woocommerce-Price-amount amount\" aria-hidden=\"true\"><bdi><span class=\"woocommerce-Price-currencySymbol\">&#36;<\/span>82.00<\/bdi><\/span><span class=\"screen-reader-text\" data-no-translation=\"\" data-trp-gettext=\"\">Gamme de prix : &#36;62.00 \u00e0 &#36;82.00<\/span><\/span>\n<div class=\"star-rating\" role=\"img\" aria-label=\"Rated 0 out of 5\"><span style=\"width:0%\" data-no-translation=\"\" data-trp-gettext=\"\">Note <strong class=\"rating\">0<\/strong> sur 5<\/span><\/div><\/li><li class=\"btn-wrap clr\"><a href=\"https:\/\/www.le-noble.be\/fr\/produit\/auctor-gravida-enim\/\" aria-describedby=\"woocommerce_loop_add_to_cart_link_describedby_1206\" data-quantity=\"1\" class=\"button product_type_grouped\" data-product_id=\"1206\" data-product_sku=\"WVN-05\" aria-label=\"Voir les produits dans le groupe \u201cAuctor gravida enim\u201d\" rel=\"nofollow\" data-no-translation=\"\" data-trp-gettext=\"\" data-no-translation-aria-label=\"\">Voir Produits<\/a>\t<span id=\"woocommerce_loop_add_to_cart_link_describedby_1206\" class=\"screen-reader-text\">\n\t\t\t<\/span>\n<\/li><\/ul><\/div><!-- .product-inner .clr --><\/li>\n<li class=\"entry has-media has-rating col span_1_of_4 wvn-content-center wvn-thumbs-layout-horizontal wvn-btn-normal wvn-tabs-layout-horizontal product type-product post-9413 status-publish instock product_cat-flat-white product_cat-short-black product_tag-tag-02 has-post-thumbnail featured shipping-taxable purchasable product-type-simple\">\n\t<div class=\"product-inner clr\"><ul class=\"woo-entry-inner clr archive-page\"><li class=\"image-wrap\">\n\t<div class=\"woo-entry-image clr\">\n\t\t\t\t<a href=\"https:\/\/www.le-noble.be\/fr\/produit\/aliquam-furniture\/\" class=\"woocommerce-LoopProduct-link\">\n\t\t\t<img loading=\"lazy\" decoding=\"async\" width=\"600\" height=\"600\" src=\"https:\/\/www.le-noble.be\/wp-content\/uploads\/2019\/10\/product-16.jpg\" class=\"woo-entry-image-main\" alt=\"Aliquam furniture\" itemprop=\"image\" srcset=\"https:\/\/www.le-noble.be\/wp-content\/uploads\/2019\/10\/product-16.jpg 600w, https:\/\/www.le-noble.be\/wp-content\/uploads\/2019\/10\/product-16-300x300.jpg 300w, https:\/\/www.le-noble.be\/wp-content\/uploads\/2019\/10\/product-16-100x100.jpg 100w, https:\/\/www.le-noble.be\/wp-content\/uploads\/2019\/10\/product-16-150x150.jpg 150w\" sizes=\"(max-width: 600px) 100vw, 600px\" \/>\t    <\/a>\n\t\t<a href=\"#\" id=\"product_id_9413\" class=\"wvn-quick-view\" data-product_id=\"9413\"><i class=\"icon-eye\"><\/i>Quick View<\/a>\t<\/div><!-- .woo-entry-image -->\n\n<\/li><li class=\"title\"><a href=\"https:\/\/www.le-noble.be\/fr\/produit\/aliquam-furniture\/\">Meubles Aliquam<\/a><\/li><li class=\"inner\">\n\t<span class=\"price\"><span class=\"woocommerce-Price-amount amount\"><bdi><span class=\"woocommerce-Price-currencySymbol\">&#36;<\/span>75.00<\/bdi><\/span><\/span>\n<div class=\"star-rating\" role=\"img\" aria-label=\"Rated 0 out of 5\"><span style=\"width:0%\" data-no-translation=\"\" data-trp-gettext=\"\">Note <strong class=\"rating\">0<\/strong> sur 5<\/span><\/div><\/li><li class=\"btn-wrap clr\"><a href=\"\/fr\/wp-json\/wp\/v2\/pages\/4592?add-to-cart=9413\" aria-describedby=\"woocommerce_loop_add_to_cart_link_describedby_9413\" data-quantity=\"1\" class=\"button product_type_simple add_to_cart_button ajax_add_to_cart\" data-product_id=\"9413\" data-product_sku=\"WVN-21-1-1\" aria-label=\"Ajouter au panier : &quot;Aliquam furniture&quot;\" rel=\"nofollow\" data-success_message=\"&quot;Aliquam furniture&quot; a \u00e9t\u00e9 ajout\u00e9 \u00e0 votre panier\" role=\"button\" data-no-translation=\"\" data-trp-gettext=\"\" data-no-translation-aria-label=\"\" data-no-translation-data-success_message=\"\">Ajouter au panier<\/a>\t<span id=\"woocommerce_loop_add_to_cart_link_describedby_9413\" class=\"screen-reader-text\">\n\t\t\t<\/span>\n<\/li><\/ul><\/div><!-- .product-inner .clr --><\/li>\n<li class=\"entry has-media has-rating col span_1_of_4 wvn-content-center wvn-thumbs-layout-horizontal wvn-btn-normal wvn-tabs-layout-horizontal product type-product post-9415 status-publish last instock product_cat-cafe-latte product_cat-piccolo-latte product_cat-short-macchiato product_tag-tag-02 product_tag-tag-06 has-post-thumbnail shipping-taxable purchasable product-type-simple\">\n\t<div class=\"product-inner clr\"><ul class=\"woo-entry-inner clr archive-page\"><li class=\"image-wrap\">\n\t<div class=\"woo-entry-image clr\">\n\t\t\t\t<a href=\"https:\/\/www.le-noble.be\/fr\/produit\/commodo-dolor\/\" class=\"woocommerce-LoopProduct-link\">\n\t\t\t<img loading=\"lazy\" decoding=\"async\" width=\"600\" height=\"600\" src=\"https:\/\/www.le-noble.be\/wp-content\/uploads\/2018\/09\/product-06.jpg\" class=\"woo-entry-image-main\" alt=\"Commodo dolor\" itemprop=\"image\" srcset=\"https:\/\/www.le-noble.be\/wp-content\/uploads\/2018\/09\/product-06.jpg 600w, https:\/\/www.le-noble.be\/wp-content\/uploads\/2018\/09\/product-06-300x300.jpg 300w, https:\/\/www.le-noble.be\/wp-content\/uploads\/2018\/09\/product-06-100x100.jpg 100w, https:\/\/www.le-noble.be\/wp-content\/uploads\/2018\/09\/product-06-150x150.jpg 150w\" sizes=\"(max-width: 600px) 100vw, 600px\" \/>\t    <\/a>\n\t\t<a href=\"#\" id=\"product_id_9415\" class=\"wvn-quick-view\" data-product_id=\"9415\"><i class=\"icon-eye\"><\/i>Quick View<\/a>\t<\/div><!-- .woo-entry-image -->\n\n<\/li><li class=\"title\"><a href=\"https:\/\/www.le-noble.be\/fr\/produit\/commodo-dolor\/\">Commodo dolor<\/a><\/li><li class=\"inner\">\n\t<span class=\"price\"><span class=\"woocommerce-Price-amount amount\"><bdi><span class=\"woocommerce-Price-currencySymbol\">&#36;<\/span>82.00<\/bdi><\/span><\/span>\n<div class=\"star-rating\" role=\"img\" aria-label=\"Rated 0 out of 5\"><span style=\"width:0%\" data-no-translation=\"\" data-trp-gettext=\"\">Note <strong class=\"rating\">0<\/strong> sur 5<\/span><\/div><\/li><li class=\"btn-wrap clr\"><a href=\"\/fr\/wp-json\/wp\/v2\/pages\/4592?add-to-cart=9415\" aria-describedby=\"woocommerce_loop_add_to_cart_link_describedby_9415\" data-quantity=\"1\" class=\"button product_type_simple add_to_cart_button ajax_add_to_cart\" data-product_id=\"9415\" data-product_sku=\"WVN-12-1\" aria-label=\"Ajouter au panier : &quot;Commodo dolor&quot;\" rel=\"nofollow\" data-success_message=\"&quot;Commodo dolor&quot; a \u00e9t\u00e9 ajout\u00e9 \u00e0 votre panier\" role=\"button\" data-no-translation=\"\" data-trp-gettext=\"\" data-no-translation-aria-label=\"\" data-no-translation-data-success_message=\"\">Ajouter au panier<\/a>\t<span id=\"woocommerce_loop_add_to_cart_link_describedby_9415\" class=\"screen-reader-text\">\n\t\t\t<\/span>\n<\/li><\/ul><\/div><!-- .product-inner .clr --><\/li>\n<\/ul>\n<\/div>","protected":false},"excerpt":{"rendered":"","protected":false},"author":1,"featured_media":0,"parent":0,"menu_order":0,"comment_status":"closed","ping_status":"closed","template":"","meta":{"om_disable_all_campaigns":false,"_monsterinsights_skip_tracking":false,"_monsterinsights_sitenote_active":false,"_monsterinsights_sitenote_note":"","_monsterinsights_sitenote_category":0,"footnotes":""},"class_list":["post-4592","page","type-page","status-publish","hentry","entry","wvn-thumbs-layout-horizontal","wvn-btn-normal","wvn-tabs-layout-horizontal","has-no-thumbnails"],"aioseo_notices":[],"_links":{"self":[{"href":"https:\/\/www.le-noble.be\/fr\/wp-json\/wp\/v2\/pages\/4592","targetHints":{"allow":["GET"]}}],"collection":[{"href":"https:\/\/www.le-noble.be\/fr\/wp-json\/wp\/v2\/pages"}],"about":[{"href":"https:\/\/www.le-noble.be\/fr\/wp-json\/wp\/v2\/types\/page"}],"author":[{"embeddable":true,"href":"https:\/\/www.le-noble.be\/fr\/wp-json\/wp\/v2\/users\/1"}],"replies":[{"embeddable":true,"href":"https:\/\/www.le-noble.be\/fr\/wp-json\/wp\/v2\/comments?post=4592"}],"version-history":[{"count":0,"href":"https:\/\/www.le-noble.be\/fr\/wp-json\/wp\/v2\/pages\/4592\/revisions"}],"wp:attachment":[{"href":"https:\/\/www.le-noble.be\/fr\/wp-json\/wp\/v2\/media?parent=4592"}],"curies":[{"name":"wp","href":"https:\/\/api.w.org\/{rel}","templated":true}]}}