{"id":10546,"date":"2024-12-14T10:00:42","date_gmt":"2024-12-14T09:00:42","guid":{"rendered":"https:\/\/www.le-noble.be\/giftcard-modern\/"},"modified":"2024-12-14T10:00:42","modified_gmt":"2024-12-14T09:00:42","slug":"giftcard-modern","status":"publish","type":"page","link":"https:\/\/www.le-noble.be\/fr\/giftcard-modern\/","title":{"rendered":"Carte cadeau moderne"},"content":{"rendered":"<div id=\"giftvoucher-template\" class=\"wrapper-template-gift-voucher\">\r\n        <div class=\"giftvoucher-template-step-main\">\r\n            <div class=\"giftvoucher-template-steps\">\r\n                <button id=\"wpgv_click_draw_auto\" class=\"button\" style=\"display:none\">Dessin<\/button>\r\n                <div class=\"giftvoucher-step active\">\r\n                    <div class=\"step-group enable_click\" data-step=\"1\" id=\"select-temp\">\r\n                        <div class=\"step-number\">1<\/div>\r\n                        <div class=\"step-label\">Select Template<\/div>\r\n                    <\/div>\r\n                <\/div>\r\n                <div class=\"giftvoucher-step\">\r\n                    <div class=\"step-group disable_click\" data-step=\"2\" id=\"select-per\">\r\n                        <div class=\"step-number\">2<\/div>\r\n                        <div class=\"step-label\">Setup your gift card<\/div>\r\n                    <\/div>\r\n                <\/div>\r\n                <div class=\"giftvoucher-step\">\r\n                    <div class=\"step-group disable_click\" data-step=\"3\" id=\"select-payment\">\r\n                        <div class=\"step-number\">3<\/div>\r\n                        <div class=\"step-label\">Payment<\/div>\r\n                    <\/div>\r\n                <\/div>\r\n                <div class=\"giftvoucher-step\">\r\n                    <div class=\"step-group disable_click\" data-step=\"4\" id=\"select-overview\">\r\n                        <div class=\"step-number\">4<\/div>\r\n                        <div class=\"step-label\">Overview<\/div>\r\n                    <\/div>\r\n                <\/div>\r\n            <\/div>\r\n        <\/div>\r\n        <div class=\"step-progress\" id=\"scrollintoview\">\r\n            <div class=\"progress\">\r\n                <div class=\"progress-bar\" style=\"width:25%\"><\/div>\r\n            <\/div>\r\n        <\/div>\r\n        <div class=\"wrap-giftvoucher-template-content\">\r\n            <div id=\"voucher-template-name-step\">\r\n                <span class=\"number-step\">1<\/span>\r\n                <h3 class=\"choose-show-title\">Select Template<\/h3>\r\n            <\/div><div class=\"wrap-format-category-voucher\"><div class=\"format-category-voucher-template\">\r\n            <h6 class=\"title-h6-voucher\">Format<\/h6>\r\n            <ul class=\"format-category-voucher\"><li data-type=\"portrait\" class=\"layout-type active\">\r\n                        <a href=\"javascript:;\" class=\"portrait\" title=\"portrait\"><\/a>\r\n                    <\/li>\r\n                    <li data-type=\"landscape\" class=\"layout-type template_mode_active\">\r\n                        <a href=\"javascript:;\" class=\"landscape\" title=\"paysage\"><\/a>\r\n                    <\/li><\/ul>\r\n        <\/div>\r\n        <div class=\"voucher-category-selection-wrap\">\r\n            <div class=\"voucher-category-main\">\r\n                <h6 class=\"title-h6-voucher\">Category<\/h6>\r\n                <ul class=\"list-category-voucher\">\r\n                    <li class=\"category-nav-item active\">\r\n                        <a href=\"#all\" class=\"category-voucher-item\" data-category-id=\"0\">All<\/a>\r\n                    <\/li><li class=\"category-nav-item\"><a class=\"category-voucher-item\" data-category-id=\"55\">No\u00ebl et Nouvel An<\/a><\/li><li class=\"category-nav-item\"><a class=\"category-voucher-item\" data-category-id=\"56\">Occasion sp\u00e9ciale<\/a><\/li><li class=\"category-nav-item\"><a class=\"category-voucher-item\" data-category-id=\"57\">Anniversaire<\/a><\/li><\/ul>\r\n            <\/div>\r\n        <\/div><\/div>\r\n            <style>\r\n            #template_giftcard_container_2 canvas {\r\n                -ms-transform: scale(1.5);\r\n                \/* IE 9 *\/\r\n                -webkit-transform: scale(1.5);\r\n                \/* Safari 3-8 *\/\r\n                transform: scale(1.5);\r\n            }\r\n            <\/style>\r\n            <div class=\"giftvoucher-template-content\">\r\n                <div id=\"slider-giftvoucher\" class=\"voucher-content-step\">\r\n                    <div id=\"slider-giftvoucher-template\"><div class=\"slider-voucher-template\"><div class=\"item-voucher-template\">\r\n                    \r\n                        <img decoding=\"async\" src=\"https:\/\/www.le-noble.be\/wp-content\/uploads\/2024\/12\/0e32faba35bee2de18bd72e8e39c0c65_0578379436389132-1.png\" alt=\"bon\"><div class=\"layout-overlay\" data-template=\"both_giftcard\" data-price-fe=\"\" data-src=\"https:\/\/www.le-noble.be\/wp-content\/uploads\/2024\/12\/0e32faba35bee2de18bd72e8e39c0c65_0578379436389132-1.png\" data-post_id=\"10602\">\r\n                            <div class=\"layout-overlay-row\">\r\n                                <span class=\"layout-button\">\r\n                                Select This\r\n                                <\/span>\r\n                            <\/div>\r\n                        <\/div>\r\n                    <\/div><div class=\"item-voucher-template\">\r\n                    \r\n                        <img decoding=\"async\" src=\"https:\/\/www.le-noble.be\/wp-content\/uploads\/2024\/12\/a60d820b7fce0d34a89e213b289ac847_0210415505851616-1.png\" alt=\"2025\"><div class=\"layout-overlay\" data-template=\"both_giftcard\" data-price-fe=\"\" data-src=\"https:\/\/www.le-noble.be\/wp-content\/uploads\/2024\/12\/a60d820b7fce0d34a89e213b289ac847_0210415505851616-1.png\" data-post_id=\"10595\">\r\n                            <div class=\"layout-overlay-row\">\r\n                                <span class=\"layout-button\">\r\n                                Select This\r\n                                <\/span>\r\n                            <\/div>\r\n                        <\/div>\r\n                    <\/div><div class=\"item-voucher-template\">\r\n                    \r\n                        <img decoding=\"async\" src=\"https:\/\/www.le-noble.be\/wp-content\/uploads\/2024\/12\/24d76094e7ef95db3cd579b7b76aa511_7383113788516787-1.png\" alt=\"2024-2025\"><div class=\"layout-overlay\" data-template=\"both_giftcard\" data-price-fe=\"\" data-src=\"https:\/\/www.le-noble.be\/wp-content\/uploads\/2024\/12\/24d76094e7ef95db3cd579b7b76aa511_7383113788516787-1.png\" data-post_id=\"10591\">\r\n                            <div class=\"layout-overlay-row\">\r\n                                <span class=\"layout-button\">\r\n                                Select This\r\n                                <\/span>\r\n                            <\/div>\r\n                        <\/div>\r\n                    <\/div><div class=\"item-voucher-template\">\r\n                    \r\n                        <img decoding=\"async\" src=\"https:\/\/gift-card-pro.s3.eu-central-1.amazonaws.com\/templates\/png\/template-voucher-portail-2.png\" alt=\"Giftcard modern 6\"><div class=\"layout-overlay\" data-template=\"both_giftcard\" data-price-fe=\"\" data-src=\"template-voucher-portail-2.png\" data-post_id=\"10560\">\r\n                            <div class=\"layout-overlay-row\">\r\n                                <span class=\"layout-button\">\r\n                                Select This\r\n                                <\/span>\r\n                            <\/div>\r\n                        <\/div>\r\n                    <\/div><div class=\"item-voucher-template\">\r\n                    \r\n                        <img decoding=\"async\" src=\"https:\/\/gift-card-pro.s3.eu-central-1.amazonaws.com\/templates\/png\/template-voucher-portail-1.png\" alt=\"Giftcard modern 5\"><div class=\"layout-overlay\" data-template=\"both_giftcard\" data-price-fe=\"\" data-src=\"template-voucher-portail-1.png\" data-post_id=\"10558\">\r\n                            <div class=\"layout-overlay-row\">\r\n                                <span class=\"layout-button\">\r\n                                Select This\r\n                                <\/span>\r\n                            <\/div>\r\n                        <\/div>\r\n                    <\/div><\/div><\/div>\r\n                <\/div>\r\n                <div id=\"setup-voucher-template\" class=\"voucher-content-step\">\r\n                    <input type=\"hidden\" name=\"coupon_code_length\" id=\"coupon_code_length\" value=\"12\">\r\n                    <input type=\"hidden\" id=\"voucher-id\" value=\"\" \/>\r\n                    <input type=\"hidden\" id=\"voucher-extra-charges\" value=\"0\" \/>\r\n                    <input type=\"hidden\" id=\"voucher-couponcode\" value=\"\" \/>\r\n                    <div class=\"wrap-setup-voucher-template\">\r\n                        <div id=\"voucher-template-choose-gift\" class=\"wrap-main-voucher-template\"><div class=\"voucher-template-infomation\">\r\n                                <div class=\"wrapper-infomation-voucher-template\" id=\"content-setup-voucher-template\"><div class=\"voucher-buying-for-option\"><h4 class=\"title-header-h4\">Buying For<\/h4>\r\n                <div class=\"voucher-option buying-options\">\r\n                    <div class=\"someone_else active option-select\" data-value=\"someone_else\">\r\n                        <img decoding=\"async\" src=\"https:\/\/www.le-noble.be\/wp-content\/plugins\/gift-voucher-pro\/assets\/img\/giftbox.png\">\r\n                        <span>Someone Else<\/span>\r\n                    <\/div>\r\n                    <div class=\"yourself option-select\" data-value=\"yourself\">\r\n                        <img decoding=\"async\" src=\"https:\/\/www.le-noble.be\/wp-content\/plugins\/gift-voucher-pro\/assets\/img\/users.png\">\r\n                        <span>Yourself<\/span>\r\n                    <\/div>\r\n                <\/div><input type=\"hidden\" name=\"buying_for\" id=\"buying_for\" value=\"someone_else\">\r\n        <\/div>\r\n        <div class=\"voucher-template-input\" id=\"voucher-to\">\r\n            <label>Gift To<\/label>\r\n            <input maxlength=\"30\" value=\"\" id=\"voucher_gift_to\" name=\"voucher_gift_to\" type=\"text\" class=\"input-info-voucher\">\r\n            <span class=\"error-input\">This field is required.<\/span>\r\n        <\/div>\r\n        <div class=\"voucher-template-input\" id=\"voucher-from\">\r\n            <label>Gift From<\/label>\r\n            <input maxlength=\"30\" value=\"\" id=\"voucher_gift_from\" name=\"voucher_gift_from\" type=\"text\" class=\"input-info-voucher\">\r\n            <span class=\"error-input\">This field is required.<\/span>\r\n        <\/div><div class=\"voucher-template-input price-voucher\">\r\n        <label>Gift Value<\/label>\r\n        <div class=\"price-template-voucher\">\r\n        <span class=\"currencySymbol\" style=\"right:15px;left:unset;\"> \u20ac <\/span>\r\n        <input style=\"padding-right:30px;padding-left:10px\" type=\"number\" name=\"voucher_price_value\" id=\"voucher_price_value\" class=\"input-info-voucher\" placeholder=\"Min value: 10\" value=\"\" min-value=\"10\" max-value=\"10000\" required>\r\n        <\/div>\r\n        <span class=\"error-input\">This field is required.<\/span>\r\n    <\/div>\r\n    <div class=\"voucher-template-input\">\r\n        <label>Description (Max: 250 Characters)<\/label>\r\n        <textarea maxlength=\"250\" value=\"\" id=\"voucher_description\" placeholder=\"Description (Max: 250 Characters)\" name=\"voucher_description\" class=\"input-info-voucher\"><\/textarea>\r\n        <div class=\"maxchar\"><\/div>\r\n    <\/div><\/div>\r\n                                <div class=\"wrapper-infomation-voucher-template\" id=\"setup-shopping-payment-wrap\"><div class=\"header-title\">\r\n            <h4 class=\"title-header-h4\">Shipping<\/h4>\r\n        <\/div>\r\n        <div class=\"choose-shipping-template\">\r\n            <a class=\"shipping-type active\" data-type=\"shipping_as_email\">\r\n                <i class=\"fa fa-envelope\" aria-hidden=\"true\"><\/i>\r\n                <span>Email<\/span>\r\n            <\/a>\r\n            <a class=\"shipping-type\" data-type=\"shipping_as_post\">\r\n                <i class=\"fa fa-truck\" aria-hidden=\"true\"><\/i>\r\n                <span>Post<\/span>\r\n            <\/a>\r\n        <\/div><div class=\"form-shopping-payment\">\r\n        <div class=\"wrap-email-shiping-voucher\">\r\n            <div class=\"voucher-template-input\" id=\"recipient_email\">\r\n                <label>Send the voucher to recipient email here<\/label>\r\n                <input value=\"\" id=\"voucher_recipient_email\" name=\"voucher_recipient_email\" type=\"text\" class=\"input-info-voucher\">\r\n                <span class=\"error-input\">This field is required.<\/span>\r\n            <\/div>\r\n            <div class=\"voucher-template-input\">\r\n                <label>Your email address (for the receipt)<\/label>\r\n                <input value=\"\" id=\"voucher_your_email\" name=\"voucher_your_email\" type=\"text\" class=\"input-info-voucher\">\r\n                <span class=\"error-input\">This field is required.<\/span>\r\n            <\/div>\r\n        <\/div><div class=\"wrap-shipping-info-voucher\"><div class=\"shipping-name\">\r\n        <div class=\"voucher-template-input\">\r\n            <input value=\"\" id=\"voucher_shipping_first\" placeholder=\"First name\" name=\"voucher_shipping_first\" type=\"text\" class=\"input-info-voucher\">\r\n            <span class=\"error-input\">This field is required.<\/span>\r\n        <\/div>\r\n        <div class=\"voucher-template-input\">\r\n            <input value=\"\" id=\"voucher_shipping_last\" placeholder=\"Last name\" name=\"voucher_shipping_last\" type=\"text\" class=\"input-info-voucher\">\r\n            <span class=\"error-input\">This field is required.<\/span>\r\n        <\/div>\r\n    <\/div>\r\n    <div class=\"shipping-address\">\r\n        <div class=\"voucher-template-input\">\r\n            <input value=\"\" id=\"voucher_shipping_address\" placeholder=\"Address\" name=\"voucher_shipping_address\" type=\"text\" class=\"input-info-voucher\">\r\n            <span class=\"error-input\">This field is required.<\/span>\r\n        <\/div>\r\n    <\/div><div class=\"shipping-postcode\">\r\n        <div class=\"voucher-template-input\">\r\n            <input value=\"\" id=\"voucher_shipping_postcode\" placeholder=\"Postcode\" name=\"voucher_shipping_postcode\" type=\"text\" class=\"input-info-voucher\">\r\n            <span class=\"error-input\">This field is required.<\/span>\r\n        <\/div>\r\n    <\/div>\r\n    <div class=\"shipping-method\"><label data-value=\"6.95 \u20ac verzendingskost\"><input type=\"radio\" name=\"shipping_method\" value=\"\" class=\"radio-field\"> <\/label><\/div><\/div><input type=\"hidden\" id=\"voucherSendType\" value=\"send_instantly\"><div class=\"choose-payment-method\"><div class=\"\" id=\"wpgv_payment_gateway\"><label>Payment Method<\/label><select name=\"payment_gateway\" id=\"payment_gateway\" class=\"form-field\"><option value=\"MultiSafepay\">MultiSafepay<\/option><\/select><\/div><\/div>\r\n        <div class=\"order-voucher-details\"><div class=\"order-detail-voucher-template\"><div class=\"order-info\"><h6 class=\"title-order\">Your order<\/h6><\/div><div class=\"order-info\"><div class=\"order-info-content name-voucher\"><h5 class=\"title-order\">Gift voucher<\/h5><\/div><div class=\"price-voucher currency_right\"><span class=\"currency\">\u20ac<\/span><span class=\"currency-price-value\"><\/span><\/div><div class=\"order-info-name\">Your name:<span class=\"order-your-name\"><\/span><\/h5><\/div><\/div><div class=\"order-info order-info-shipping\"><h5 class=\"title-order\">Shipping<\/h5><div class=\"price-voucher-shipping currency_right\"><span class=\"currency\">\u20ac<\/span><span class=\"currency-price-shipping\"><\/span><\/div><\/div><div class=\"order-info order-info-total\"><h5 class=\"title-order\">Total<\/h5><div class=\"price-voucher-total currency_right\"><span class=\"currency\">\u20ac<\/span><span class=\"price-total\"><\/span><\/div><\/div><\/div><div class=\"acceptVoucherTerms\">\r\n        <label><input type=\"checkbox\" class=\"required cccc\" name=\"acceptVoucherTerms\"> J'accepte par la pr\u00e9sente les conditions g\u00e9n\u00e9rales, le retrait de la politique de confidentialit\u00e9 et je confirme que toutes les informations sont correctes.<\/label>\r\n        <span class=\"error-input\">This field is required.<\/span>\r\n        <div class=\"voucherNote\">Note : Le ch\u00e8que-cadeau est valable 1 an et peut \u00eatre utilis\u00e9 au restaurant Le Noble. Un paiement en esp\u00e8ces n'est pas possible.<\/div>\r\n    <\/div><\/div>\r\n    <\/div><\/div>\r\n                                <div class=\"wrapper-infomation-voucher-template\" id=\"order-voucher-details-overview\"><div class=\"overview_voucher_template\"><div class=\"order-voucher order-voucher-price\"><span>Voucher value<\/span><p class=\"value-price-voucher currency_right\">\u20ac<span class=\"price\"><\/span><\/p><\/div><div class=\"order-voucher order-voucher-recipient-email\"><span>Send the voucher to recipient email here<\/span><p class=\"value-recipient-email\"><span class=\"recipient-email\"><\/span><\/p><\/div><div class=\"order-voucher order-voucher-email\"><span>Your email address (for the receipt)<\/span><p class=\"value-you-email\"><span class=\"email\"><\/span><\/p><\/div><div class=\"order-voucher order-voucher-full-name\"><span>Full Name<\/span><p class=\"value-full-name\"><span class=\"full-name\"><\/span><\/p><\/div><div class=\"order-voucher order-voucher-address\"><span>Address<\/span><p class=\"value-address-voucher\"><span class=\"address-voucher\"><\/span><\/p><\/div><div class=\"order-voucher order-voucher-postcode\"><span>Postcode<\/span><p class=\"value-postcode-voucher\"><span class=\"postcode-voucher\"><\/span><\/p><\/div><div class=\"order-voucher order-voucher-shipping\"><span>Shipping<\/span><p class=\"value-shipping-voucher\"><span class=\"shipping-voucher\"><\/span><\/p><\/div><div class=\"order-voucher order-voucher-payment-method\"><span>Paymet Method<\/span><p class=\"value-payment-method-voucher\"><span class=\"payment-method-voucher\"><\/span><\/p><\/div><\/div><\/div>\r\n                            <\/div>\r\n                        <\/div>\r\n                        <div id=\"select-template-voucher\" class=\"wrap-main-voucher-template\">\r\n                        <div id=\"template_giftcard_container_1\"><\/div>\r\n\r\n                        <\/div>\r\n                    <\/div>\r\n                    <div class=\"\" style=\" position: absolute;top: -1000000px;left: -1000000px;width:100%;max-width:100%;\">\r\n                        <div id=\"template_giftcard_container_2\"><\/div>\r\n                    <\/div>\r\n                <\/div>\r\n                <div id=\"voucher-continue-step\">\r\n                    <div class=\"next-prev-button prev-button\">\r\n                        <a href=\"javascript:;\" class=\"voucher-prev-step\" data-prev-step=\"1\"><span><i class=\"fa fa-angle-left\" aria-hidden=\"true\"><\/i><\/span>Prev step<\/a>\r\n                    <\/div>\r\n                    <div class=\"next-prev-button next-button\">\r\n                        <input type=\"hidden\" value=\"\" id=\"dataVoucher\"\/>\r\n                        <input type=\"hidden\" value=\"3\" id=\"number_giftcard_sl\"\/><a href=\"javascript:;\" class=\"voucher-preview-pdf\" id=\"voucher-preview-pdf\">PDF preview<span><i class=\"fa fa-angle-down\" aria-hidden=\"true\"><\/i><\/span><\/a><a href=\"javascript:;\" id=\"payment-voucher-template\">Pay Now<span><i class=\"fa fa-angle-right\" aria-hidden=\"true\"><\/i><\/span><\/a>\r\n                        <a href=\"javascript:;\" class=\"voucher-next-step\" data-next-step=\"3\">Next step<span><i class=\"fa fa-angle-right\" aria-hidden=\"true\"><\/i><\/span><\/a>\r\n                    <\/div>\r\n                <\/div>\r\n            <\/div>\r\n        <\/div><\/div><style type=\"text\/css\">\r\n        .giftvoucher-template-steps .giftvoucher-step.active{ background: #69727d!important;}\r\n        #slider-giftvoucher-template .item-voucher-template, .giftvoucher-template-steps .giftvoucher-step.passed .step-number {\r\n            background: #69727d!important;\r\n            border-color: #69727d!important;\r\n        }\r\n        .giftvoucher-template-steps .giftvoucher-step.passed, #voucher-template-name-step .number-step, .format-category-voucher-template ul li.active, #giftvoucher-template .list-category-voucher .category-nav-item.active .category-voucher-item, #slider-giftvoucher-template .layout-button, #giftvoucher-template .progress .progress-bar, #voucher-template-name-step .number-step, #giftvoucher-template #voucher-continue-step .next-button a.voucher-next-step, #giftvoucher-template #voucher-continue-step .next-prev-button a:hover, .buying-options div.active, #giftvoucher-template .choose-shipping-template .shipping-type.active, #giftvoucher-template .choose-shipping-template .shipping-type:hover, #payment-voucher-template{\r\n            background: #69727d!important;\r\n        }\r\n        #giftvoucher-template .voucherdate, #giftvoucher-template #voucherSendType, #giftvoucher-template .voucher-template-input .input-info-voucher, #giftvoucher-template #wpgv_payment_gateway #payment_gateway {border-color: #69727d!important;}\r\n        .giftvoucher-template-steps .giftvoucher-step.active .step-number {\r\n            color: #69727d!important;\r\n            box-sizing: border-box;\r\n        }\r\n        .voucher-content-step.loading:after, #setup-voucher-template.loading:after {\r\n            content: url(https:\/\/www.le-noble.be\/wp-content\/plugins\/gift-voucher-pro\/assets\/img\/loader.gif) !important;\r\n        }\r\n    <\/style><style><\/style>","protected":false},"excerpt":{"rendered":"","protected":false},"author":1,"featured_media":0,"parent":0,"menu_order":0,"comment_status":"closed","ping_status":"closed","template":"","meta":{"om_disable_all_campaigns":false,"_monsterinsights_skip_tracking":false,"_monsterinsights_sitenote_active":false,"_monsterinsights_sitenote_note":"","_monsterinsights_sitenote_category":0,"footnotes":""},"class_list":["post-10546","page","type-page","status-publish","hentry","entry","wvn-thumbs-layout-horizontal","wvn-btn-normal","wvn-tabs-layout-horizontal","has-no-thumbnails"],"aioseo_notices":[],"_links":{"self":[{"href":"https:\/\/www.le-noble.be\/fr\/wp-json\/wp\/v2\/pages\/10546","targetHints":{"allow":["GET"]}}],"collection":[{"href":"https:\/\/www.le-noble.be\/fr\/wp-json\/wp\/v2\/pages"}],"about":[{"href":"https:\/\/www.le-noble.be\/fr\/wp-json\/wp\/v2\/types\/page"}],"author":[{"embeddable":true,"href":"https:\/\/www.le-noble.be\/fr\/wp-json\/wp\/v2\/users\/1"}],"replies":[{"embeddable":true,"href":"https:\/\/www.le-noble.be\/fr\/wp-json\/wp\/v2\/comments?post=10546"}],"version-history":[{"count":0,"href":"https:\/\/www.le-noble.be\/fr\/wp-json\/wp\/v2\/pages\/10546\/revisions"}],"wp:attachment":[{"href":"https:\/\/www.le-noble.be\/fr\/wp-json\/wp\/v2\/media?parent=10546"}],"curies":[{"name":"wp","href":"https:\/\/api.w.org\/{rel}","templated":true}]}}