{"id":10543,"date":"2024-12-14T10:00:42","date_gmt":"2024-12-14T09:00:42","guid":{"rendered":"https:\/\/www.le-noble.be\/voucher-payment-successful\/"},"modified":"2024-12-14T10:00:42","modified_gmt":"2024-12-14T09:00:42","slug":"voucher-payment-successful","status":"publish","type":"page","link":"https:\/\/www.le-noble.be\/fr\/voucher-payment-successful\/","title":{"rendered":"Paiement du bon r\u00e9ussi"},"content":{"rendered":"<div class=\"success\"><p>&nbsp;<\/p>\r\n<p>&nbsp;<\/p>\r\n<p>Nous avons bien re\u00e7u votre commande !<br \/>L'e-mail relatif au ch\u00e8que-cadeau a \u00e9t\u00e9 envoy\u00e9 avec succ\u00e8s \u00e0 .<br \/><br \/><\/p><\/div>","protected":false},"excerpt":{"rendered":"","protected":false},"author":1,"featured_media":0,"parent":0,"menu_order":0,"comment_status":"closed","ping_status":"closed","template":"","meta":{"om_disable_all_campaigns":false,"_monsterinsights_skip_tracking":false,"_monsterinsights_sitenote_active":false,"_monsterinsights_sitenote_note":"","_monsterinsights_sitenote_category":0,"footnotes":""},"class_list":["post-10543","page","type-page","status-publish","hentry","entry","wvn-thumbs-layout-horizontal","wvn-btn-normal","wvn-tabs-layout-horizontal","has-no-thumbnails"],"aioseo_notices":[],"_links":{"self":[{"href":"https:\/\/www.le-noble.be\/fr\/wp-json\/wp\/v2\/pages\/10543","targetHints":{"allow":["GET"]}}],"collection":[{"href":"https:\/\/www.le-noble.be\/fr\/wp-json\/wp\/v2\/pages"}],"about":[{"href":"https:\/\/www.le-noble.be\/fr\/wp-json\/wp\/v2\/types\/page"}],"author":[{"embeddable":true,"href":"https:\/\/www.le-noble.be\/fr\/wp-json\/wp\/v2\/users\/1"}],"replies":[{"embeddable":true,"href":"https:\/\/www.le-noble.be\/fr\/wp-json\/wp\/v2\/comments?post=10543"}],"version-history":[{"count":0,"href":"https:\/\/www.le-noble.be\/fr\/wp-json\/wp\/v2\/pages\/10543\/revisions"}],"wp:attachment":[{"href":"https:\/\/www.le-noble.be\/fr\/wp-json\/wp\/v2\/media?parent=10543"}],"curies":[{"name":"wp","href":"https:\/\/api.w.org\/{rel}","templated":true}]}}