{"id":10224,"date":"2023-11-10T15:48:09","date_gmt":"2023-11-10T14:48:09","guid":{"rendered":"https:\/\/www.le-noble.be\/?page_id=10224"},"modified":"2023-11-10T15:50:41","modified_gmt":"2023-11-10T14:50:41","slug":"reserveer","status":"publish","type":"page","link":"http:\/\/www.le-noble.be\/fr\/reserveer\/","title":{"rendered":"R\u00e9server en ligne"},"content":{"rendered":"<div data-elementor-type=\"wp-page\" data-elementor-id=\"10224\" class=\"elementor elementor-10224\">\n\t\t\t\t\t\t<section class=\"elementor-section elementor-top-section elementor-element elementor-element-9e9791b welcome elementor-section-boxed elementor-section-height-default elementor-section-height-default elementor-invisible\" data-id=\"9e9791b\" data-element_type=\"section\" data-e-type=\"section\" data-settings=\"{&quot;animation&quot;:&quot;slideInUp&quot;}\">\n\t\t\t\t\t\t<div class=\"elementor-container elementor-column-gap-default\">\n\t\t\t\t\t<div class=\"elementor-column elementor-col-100 elementor-top-column elementor-element elementor-element-d9ecd91 welcome-inner\" data-id=\"d9ecd91\" data-element_type=\"column\" data-e-type=\"column\">\n\t\t\t<div class=\"elementor-widget-wrap elementor-element-populated\">\n\t\t\t\t\t\t<div class=\"elementor-element elementor-element-9b9692b elementor-widget elementor-widget-spacer\" data-id=\"9b9692b\" data-element_type=\"widget\" data-e-type=\"widget\" data-widget_type=\"spacer.default\">\n\t\t\t\t<div class=\"elementor-widget-container\">\n\t\t\t\t\t\t\t<div class=\"elementor-spacer\">\n\t\t\t<div class=\"elementor-spacer-inner\"><\/div>\n\t\t<\/div>\n\t\t\t\t\t\t<\/div>\n\t\t\t\t<\/div>\n\t\t\t\t<div class=\"elementor-element elementor-element-5ac9fa8 elementor-widget elementor-widget-heading\" data-id=\"5ac9fa8\" data-element_type=\"widget\" data-e-type=\"widget\" data-widget_type=\"heading.default\">\n\t\t\t\t<div class=\"elementor-widget-container\">\n\t\t\t\t\t<h3 class=\"elementor-heading-title elementor-size-default\">R\u00e9server en ligne<\/h3>\t\t\t\t<\/div>\n\t\t\t\t<\/div>\n\t\t\t\t<div class=\"elementor-element elementor-element-a2315a4 elementor-widget-divider--separator-type-pattern elementor-widget-divider--no-spacing elementor-widget-divider--view-line elementor-widget elementor-widget-divider\" data-id=\"a2315a4\" data-element_type=\"widget\" data-e-type=\"widget\" data-widget_type=\"divider.default\">\n\t\t\t\t<div class=\"elementor-widget-container\">\n\t\t\t\t\t\t\t<div class=\"elementor-divider\" style=\"--divider-pattern-url: url(&quot;data:image\/svg+xml,%3Csvg xmlns=&#039;http:\/\/www.w3.org\/2000\/svg&#039; preserveAspectRatio=&#039;none&#039; overflow=&#039;visible&#039; height=&#039;100%&#039; viewBox=&#039;0 0 24 24&#039; fill=&#039;black&#039; stroke=&#039;none&#039;%3E%3Cpath d=&#039;M24,8v12H0V8H24z M24,4v1H0V4H24z&#039;\/%3E%3C\/svg%3E&quot;);\">\n\t\t\t<span class=\"elementor-divider-separator\">\n\t\t\t\t\t\t<\/span>\n\t\t<\/div>\n\t\t\t\t\t\t<\/div>\n\t\t\t\t<\/div>\n\t\t\t\t<div class=\"elementor-element elementor-element-aa6edef elementor-widget elementor-widget-spacer\" data-id=\"aa6edef\" data-element_type=\"widget\" data-e-type=\"widget\" data-widget_type=\"spacer.default\">\n\t\t\t\t<div class=\"elementor-widget-container\">\n\t\t\t\t\t\t\t<div class=\"elementor-spacer\">\n\t\t\t<div class=\"elementor-spacer-inner\"><\/div>\n\t\t<\/div>\n\t\t\t\t\t\t<\/div>\n\t\t\t\t<\/div>\n\t\t\t\t<div class=\"elementor-element elementor-element-0ebf1ce elementor-widget elementor-widget-text-editor\" data-id=\"0ebf1ce\" data-element_type=\"widget\" data-e-type=\"widget\" data-widget_type=\"text-editor.default\">\n\t\t\t\t<div class=\"elementor-widget-container\">\n\t\t\t\t\t\t\t\t\t<iframe id=\"tableFeverWidgetV2\" src=\"https:\/\/widgetv2.tablefever.com\/nl\/iframe?id=mPoZd&amp;token=4cb6dbdfea1eb2dc87cdbcc6cf1b86a1&amp;cssdef=true\" height=\"720\">Votre navigateur ne prend pas en charge cette fonctionnalit\u00e9. Veuillez utiliser un navigateur plus r\u00e9cent ou nous contacter par t\u00e9l\u00e9phone pour effectuer votre r\u00e9servation.\n\n&nbsp;\n\n<\/iframe>\t\t\t\t\t\t\t\t<\/div>\n\t\t\t\t<\/div>\n\t\t\t\t\t<\/div>\n\t\t<\/div>\n\t\t\t\t\t<\/div>\n\t\t<\/section>\n\t\t\t\t<\/div>","protected":false},"excerpt":{"rendered":"<p>R\u00e9server en ligne Votre navigateur ne prend pas en charge cette fonctionnalit\u00e9. Veuillez utiliser un navigateur plus r\u00e9cent ou nous contacter par t\u00e9l\u00e9phone pour effectuer votre r\u00e9servation. &nbsp;<\/p>","protected":false},"author":1,"featured_media":0,"parent":0,"menu_order":0,"comment_status":"closed","ping_status":"closed","template":"elementor_header_footer","meta":{"om_disable_all_campaigns":false,"_monsterinsights_skip_tracking":false,"_monsterinsights_sitenote_active":false,"_monsterinsights_sitenote_note":"","_monsterinsights_sitenote_category":0,"footnotes":""},"class_list":["post-10224","page","type-page","status-publish","hentry","entry","wvn-thumbs-layout-horizontal","wvn-btn-normal","wvn-tabs-layout-horizontal","has-no-thumbnails"],"aioseo_notices":[],"_links":{"self":[{"href":"http:\/\/www.le-noble.be\/fr\/wp-json\/wp\/v2\/pages\/10224","targetHints":{"allow":["GET"]}}],"collection":[{"href":"http:\/\/www.le-noble.be\/fr\/wp-json\/wp\/v2\/pages"}],"about":[{"href":"http:\/\/www.le-noble.be\/fr\/wp-json\/wp\/v2\/types\/page"}],"author":[{"embeddable":true,"href":"http:\/\/www.le-noble.be\/fr\/wp-json\/wp\/v2\/users\/1"}],"replies":[{"embeddable":true,"href":"http:\/\/www.le-noble.be\/fr\/wp-json\/wp\/v2\/comments?post=10224"}],"version-history":[{"count":0,"href":"http:\/\/www.le-noble.be\/fr\/wp-json\/wp\/v2\/pages\/10224\/revisions"}],"wp:attachment":[{"href":"http:\/\/www.le-noble.be\/fr\/wp-json\/wp\/v2\/media?parent=10224"}],"curies":[{"name":"wp","href":"https:\/\/api.w.org\/{rel}","templated":true}]}}