{"id":10189,"date":"2023-11-10T15:25:45","date_gmt":"2023-11-10T14:25:45","guid":{"rendered":"https:\/\/www.le-noble.be\/?page_id=10189"},"modified":"2025-11-06T19:28:12","modified_gmt":"2025-11-06T18:28:12","slug":"eindejaar","status":"publish","type":"page","link":"http:\/\/www.le-noble.be\/fr\/eindejaar\/","title":{"rendered":"Fin d'ann\u00e9e"},"content":{"rendered":"<div data-elementor-type=\"wp-page\" data-elementor-id=\"10189\" class=\"elementor elementor-10189\">\n\t\t\t\t\t\t<section class=\"elementor-section elementor-top-section elementor-element elementor-element-57e1f33c welcome elementor-section-full_width elementor-section-height-default elementor-section-height-default elementor-invisible\" data-id=\"57e1f33c\" data-element_type=\"section\" data-e-type=\"section\" data-settings=\"{&quot;animation&quot;:&quot;slideInUp&quot;}\">\n\t\t\t\t\t\t<div class=\"elementor-container elementor-column-gap-default\">\n\t\t\t\t\t<div class=\"elementor-column elementor-col-33 elementor-top-column elementor-element elementor-element-77e09696 welcome-inner\" data-id=\"77e09696\" data-element_type=\"column\" data-e-type=\"column\">\n\t\t\t<div class=\"elementor-widget-wrap\">\n\t\t\t\t\t\t\t<\/div>\n\t\t<\/div>\n\t\t\t\t<div class=\"elementor-column elementor-col-33 elementor-top-column elementor-element elementor-element-b0bca3c welcome-inner\" data-id=\"b0bca3c\" data-element_type=\"column\" data-e-type=\"column\">\n\t\t\t<div class=\"elementor-widget-wrap elementor-element-populated\">\n\t\t\t\t\t\t<div class=\"elementor-element elementor-element-37a3f3c3 elementor-widget elementor-widget-heading\" data-id=\"37a3f3c3\" data-element_type=\"widget\" data-e-type=\"widget\" data-widget_type=\"heading.default\">\n\t\t\t\t<div class=\"elementor-widget-container\">\n\t\t\t\t\t<h3 class=\"elementor-heading-title elementor-size-default\">Menu \u00e0 emporter No\u00ebl et Nouvel An 2025<\/h3>\t\t\t\t<\/div>\n\t\t\t\t<\/div>\n\t\t\t\t<div class=\"elementor-element elementor-element-2bc6064f elementor-widget-divider--separator-type-pattern elementor-widget-divider--no-spacing elementor-widget-divider--view-line elementor-widget elementor-widget-divider\" data-id=\"2bc6064f\" data-element_type=\"widget\" data-e-type=\"widget\" data-widget_type=\"divider.default\">\n\t\t\t\t<div class=\"elementor-widget-container\">\n\t\t\t\t\t\t\t<div class=\"elementor-divider\" style=\"--divider-pattern-url: url(&quot;data:image\/svg+xml,%3Csvg xmlns=&#039;http:\/\/www.w3.org\/2000\/svg&#039; preserveAspectRatio=&#039;none&#039; overflow=&#039;visible&#039; height=&#039;100%&#039; viewBox=&#039;0 0 24 24&#039; fill=&#039;black&#039; stroke=&#039;none&#039;%3E%3Cpath d=&#039;M24,8v12H0V8H24z M24,4v1H0V4H24z&#039;\/%3E%3C\/svg%3E&quot;);\">\n\t\t\t<span class=\"elementor-divider-separator\">\n\t\t\t\t\t\t<\/span>\n\t\t<\/div>\n\t\t\t\t\t\t<\/div>\n\t\t\t\t<\/div>\n\t\t\t\t<div class=\"elementor-element elementor-element-12990137 welcome-text elementor-widget__width-inherit elementor-widget elementor-widget-text-editor\" data-id=\"12990137\" data-element_type=\"widget\" data-e-type=\"widget\" data-widget_type=\"text-editor.default\">\n\t\t\t\t<div class=\"elementor-widget-container\">\n\t\t\t\t\t\t\t\t\t<div class=\"menu-inner-wrap\"><div class=\"menu-inner menu-inner__heading\"><p>****<\/p><p>Saumon - radis - soja - s\u00e9same<\/p><p>****<\/p><p>Saint-Jacques - c\u00e9leri-rave - truffe - chou-fleur<\/p><p>****<\/p><p>Filet de cerf - panais - chicor\u00e9e - champignon de Paris<\/p><p>****<\/p><p>Textures de chocolat 63%<\/p><p>****<\/p><\/div><h3><strong>79 \u20ac p.p.<\/strong><\/h3><div class=\"menu-inner menu-inner__heading\"><p><span style=\"text-decoration: underline;\"><strong>En option :<\/strong><\/span><\/p><p>3 snacks + 12 \u20ac p.p.<\/p><p>Petit pain au levain + 4 \u20ac chacun<\/p><\/div><\/div>\t\t\t\t\t\t\t\t<\/div>\n\t\t\t\t<\/div>\n\t\t\t\t<div class=\"elementor-element elementor-element-274e8adb elementor-align-center elementor-widget elementor-widget-button\" data-id=\"274e8adb\" data-element_type=\"widget\" data-e-type=\"widget\" data-widget_type=\"button.default\">\n\t\t\t\t<div class=\"elementor-widget-container\">\n\t\t\t\t\t\t\t\t\t<div class=\"elementor-button-wrapper\">\n\t\t\t\t\t<a class=\"elementor-button elementor-button-link elementor-size-md elementor-animation-wobble-to-bottom-right\" href=\"\/fr\/contact\/\">\n\t\t\t\t\t\t<span class=\"elementor-button-content-wrapper\">\n\t\t\t\t\t\t\t\t\t<span class=\"elementor-button-text\">Contactez nous<\/span>\n\t\t\t\t\t<\/span>\n\t\t\t\t\t<\/a>\n\t\t\t\t<\/div>\n\t\t\t\t\t\t\t\t<\/div>\n\t\t\t\t<\/div>\n\t\t\t\t\t<\/div>\n\t\t<\/div>\n\t\t\t\t<div class=\"elementor-column elementor-col-33 elementor-top-column elementor-element elementor-element-18859fa2 welcome-inner\" data-id=\"18859fa2\" data-element_type=\"column\" data-e-type=\"column\" data-settings=\"{&quot;background_background&quot;:&quot;classic&quot;}\">\n\t\t\t<div class=\"elementor-widget-wrap elementor-element-populated\">\n\t\t\t\t\t\t<div class=\"elementor-element elementor-element-791929bd elementor-widget elementor-widget-image\" data-id=\"791929bd\" data-element_type=\"widget\" data-e-type=\"widget\" data-widget_type=\"image.default\">\n\t\t\t\t<div class=\"elementor-widget-container\">\n\t\t\t\t\t\t\t\t\t\t\t\t\t\t\t<img fetchpriority=\"high\" decoding=\"async\" width=\"682\" height=\"1024\" src=\"https:\/\/www.le-noble.be\/wp-content\/uploads\/2023\/11\/new-682x1024.jpg\" class=\"attachment-large size-large wp-image-9871\" alt=\"\" srcset=\"https:\/\/www.le-noble.be\/wp-content\/uploads\/2023\/11\/new-682x1024.jpg 682w, https:\/\/www.le-noble.be\/wp-content\/uploads\/2023\/11\/new-600x901.jpg 600w, https:\/\/www.le-noble.be\/wp-content\/uploads\/2023\/11\/new-200x300.jpg 200w, https:\/\/www.le-noble.be\/wp-content\/uploads\/2023\/11\/new-768x1153.jpg 768w, https:\/\/www.le-noble.be\/wp-content\/uploads\/2023\/11\/new.jpg 808w\" sizes=\"(max-width: 682px) 100vw, 682px\" \/>\t\t\t\t\t\t\t\t\t\t\t\t\t\t\t<\/div>\n\t\t\t\t<\/div>\n\t\t\t\t\t<\/div>\n\t\t<\/div>\n\t\t\t\t\t<\/div>\n\t\t<\/section>\n\t\t\t\t<\/div>","protected":false},"excerpt":{"rendered":"<p>Menu \u00e0 emporter No\u00ebl et Nouvel An 2025 **** Saumon - radis - soja - s\u00e9same **** Coquilles Saint-Jaques - c\u00e9leri-rave - truffe - chou-fleur **** Filet de chevreuil - panais - chicor\u00e9e - champignon de Paris **** Textures de chocolat 63% **** \u20ac 79 p.p. En option : 3 amuse-bouches + 12 \u20ac p.p. Rouleau au levain + 4 \u20ac chacun Nous contacter<\/p>","protected":false},"author":1,"featured_media":0,"parent":0,"menu_order":0,"comment_status":"closed","ping_status":"closed","template":"elementor_header_footer","meta":{"om_disable_all_campaigns":false,"_monsterinsights_skip_tracking":false,"_monsterinsights_sitenote_active":false,"_monsterinsights_sitenote_note":"","_monsterinsights_sitenote_category":0,"footnotes":""},"class_list":["post-10189","page","type-page","status-publish","hentry","entry","wvn-thumbs-layout-horizontal","wvn-btn-normal","wvn-tabs-layout-horizontal","has-no-thumbnails"],"aioseo_notices":[],"_links":{"self":[{"href":"http:\/\/www.le-noble.be\/fr\/wp-json\/wp\/v2\/pages\/10189","targetHints":{"allow":["GET"]}}],"collection":[{"href":"http:\/\/www.le-noble.be\/fr\/wp-json\/wp\/v2\/pages"}],"about":[{"href":"http:\/\/www.le-noble.be\/fr\/wp-json\/wp\/v2\/types\/page"}],"author":[{"embeddable":true,"href":"http:\/\/www.le-noble.be\/fr\/wp-json\/wp\/v2\/users\/1"}],"replies":[{"embeddable":true,"href":"http:\/\/www.le-noble.be\/fr\/wp-json\/wp\/v2\/comments?post=10189"}],"version-history":[{"count":30,"href":"http:\/\/www.le-noble.be\/fr\/wp-json\/wp\/v2\/pages\/10189\/revisions"}],"predecessor-version":[{"id":10821,"href":"http:\/\/www.le-noble.be\/fr\/wp-json\/wp\/v2\/pages\/10189\/revisions\/10821"}],"wp:attachment":[{"href":"http:\/\/www.le-noble.be\/fr\/wp-json\/wp\/v2\/media?parent=10189"}],"curies":[{"name":"wp","href":"https:\/\/api.w.org\/{rel}","templated":true}]}}